{"id":1191,"date":"2026-01-26T14:03:47","date_gmt":"2026-01-26T17:03:47","guid":{"rendered":"https:\/\/scelest.com\/icinueva\/?page_id=1191"},"modified":"2026-03-09T10:33:15","modified_gmt":"2026-03-09T13:33:15","slug":"psicologia","status":"publish","type":"page","link":"https:\/\/ici.org.uy\/?page_id=1191","title":{"rendered":"Psicolog\u00eda"},"content":{"rendered":"<p><img loading=\"lazy\" decoding=\"async\" class=\"wp-image-194 aligncenter\" src=\"https:\/\/scelest.com\/icinueva\/wp-content\/uploads\/2025\/11\/Psic-Eliana-RotelaPSICOLOGIA.webp\" alt=\"\" width=\"113\" height=\"170\" srcset=\"https:\/\/ici.org.uy\/wp-content\/uploads\/2025\/11\/Psic-Eliana-RotelaPSICOLOGIA.webp 512w, https:\/\/ici.org.uy\/wp-content\/uploads\/2025\/11\/Psic-Eliana-RotelaPSICOLOGIA-201x300.webp 201w\" sizes=\"auto, (max-width: 113px) 100vw, 113px\" \/><\/p>\n<p>Contamos con un departamento de Psicolog\u00eda a cargo de la Lic. en Psicolog\u00eda Eliana Rotela que se encarga de preparar a los pacientes ni\u00f1os y sus familias, as\u00ed como a los adultos previo a realizarse los procedimientos, tambi\u00e9n lleva a cabo un seguimiento posterior a los mismos.<\/p>\n","protected":false},"excerpt":{"rendered":"<p>Contamos con un departamento de Psicolog\u00eda a cargo de la Lic. en Psicolog\u00eda Eliana Rotela que se encarga de preparar a los pacientes ni\u00f1os y sus familias, as\u00ed como a los adultos previo a realizarse los procedimientos, tambi\u00e9n lleva a cabo un seguimiento posterior a los mismos.<\/p>\n","protected":false},"author":1,"featured_media":0,"parent":0,"menu_order":0,"comment_status":"closed","ping_status":"closed","template":"","meta":{"_acf_changed":false,"footnotes":""},"class_list":["post-1191","page","type-page","status-publish","hentry"],"acf":[],"_links":{"self":[{"href":"https:\/\/ici.org.uy\/index.php?rest_route=\/wp\/v2\/pages\/1191","targetHints":{"allow":["GET"]}}],"collection":[{"href":"https:\/\/ici.org.uy\/index.php?rest_route=\/wp\/v2\/pages"}],"about":[{"href":"https:\/\/ici.org.uy\/index.php?rest_route=\/wp\/v2\/types\/page"}],"author":[{"embeddable":true,"href":"https:\/\/ici.org.uy\/index.php?rest_route=\/wp\/v2\/users\/1"}],"replies":[{"embeddable":true,"href":"https:\/\/ici.org.uy\/index.php?rest_route=%2Fwp%2Fv2%2Fcomments&post=1191"}],"version-history":[{"count":8,"href":"https:\/\/ici.org.uy\/index.php?rest_route=\/wp\/v2\/pages\/1191\/revisions"}],"predecessor-version":[{"id":1427,"href":"https:\/\/ici.org.uy\/index.php?rest_route=\/wp\/v2\/pages\/1191\/revisions\/1427"}],"wp:attachment":[{"href":"https:\/\/ici.org.uy\/index.php?rest_route=%2Fwp%2Fv2%2Fmedia&parent=1191"}],"curies":[{"name":"wp","href":"https:\/\/api.w.org\/{rel}","templated":true}]}}