{"id":7,"date":"2025-11-23T19:55:58","date_gmt":"2025-11-23T22:55:58","guid":{"rendered":"http:\/\/localhost\/ici.org.uy\/?page_id=7"},"modified":"2026-03-23T12:08:21","modified_gmt":"2026-03-23T15:08:21","slug":"nosotros","status":"publish","type":"page","link":"https:\/\/ici.org.uy\/?page_id=7","title":{"rendered":"Nosotros"},"content":{"rendered":"<h1 style=\"text-align: left;\">Medicina profesional y humanizada<\/h1>\n<p>&nbsp;<\/p>\n<p style=\"text-align: left;\">El Instituto de Cardiolog\u00eda Integral (ICI) es un IMAE cardiol\u00f3gico que atiende a personas de instituciones p\u00fablicas y privadas de todo el pa\u00eds con la financiaci\u00f3n del Fondo Nacional de Recursos y de particulares de Uruguay y la regi\u00f3n que ELIGEN atenderse all\u00ed.<br \/>\nInici\u00f3 sus actividades en Montevideo, en 1986. En su etapa inicial fue concebido para recibir a ni\u00f1os con cardiopat\u00edas cong\u00e9nitas. Actualmente atiende de forma integral a pacientes pedi\u00e1tricos, adultos con enfermedades cardiovasculares.<br \/>\nRealiza diferentes t\u00e9cnicas de diagn\u00f3stico y terap\u00e9uticas y desarrolla una importante actividad docente y de investigaci\u00f3n.<\/p>\n<p>&nbsp;<\/p>\n<p style=\"text-align: left;\">Instituto M\u00e9dico Altamente Especializado (IMAE)<\/p>\n<p style=\"text-align: left;\">El ICI fue declarado de Inter\u00e9s Nacional para la Salud P\u00fablica y se desarrolla en el marco de lo establecido en la ley n\u00ba 14.897 (Fondo Nacional de Recursos).<br \/>\nSu misi\u00f3n, como Instituto M\u00e9dico Altamente Especializado, es la concentraci\u00f3n de experiencia, talento y tecnolog\u00eda para atender casos complejos. Su organizaci\u00f3n, equipamiento e instalaciones fueron planificadas para prestar cobertura asistencial a una poblaci\u00f3n de hasta 5.000.000 habitantes del Pa\u00eds y la regi\u00f3n.<\/p>\n<p>&nbsp;<\/p>\n<p style=\"text-align: left;\">Ubicado en un \u00e1rea exclusiva de M\u00e9dica Uruguaya, cuenta con profesionales especializados que se han formado y crecido en el Instituto y con equipamiento de \u00faltima generaci\u00f3n.<\/p>\n<p>&nbsp;<\/p>\n<h3 style=\"text-align: left;\">Misi\u00f3n:<\/h3>\n<p style=\"text-align: left;\">Brindar asistencia con CALIDAD, PERSONALIZADA, IGUALITARIA y HUMANIZADA, respetando los derechos de los pacientes. Acompa\u00f1ando los avances tecnol\u00f3gicos, con el fin de ofrecer t\u00e9cnicas de diagn\u00f3stico y terap\u00e9uticas actualizadas; llevadas a cabo por profesionales con la formaci\u00f3n adecuada y permanente, con espacios de investigaci\u00f3n y capacitaci\u00f3n continua que permita ofrecer seguridad y cumplir con el objetivo y las exigencias de nuestros pacientes.<\/p>\n<h3><\/h3>\n<p>&nbsp;<\/p>\n<h3 style=\"text-align: left;\">Visi\u00f3n:<\/h3>\n<p style=\"text-align: left;\">Como Instituci\u00f3n l\u00edder en Cirug\u00eda Card\u00edaca Infantil, reconocido de Inter\u00e9s Nacional en su creaci\u00f3n y Centro de referencia en Trasplante Card\u00edaco, extendi\u00e9ndose a T\u00e9cnicas Hemodin\u00e1micas y de Cirug\u00eda Card\u00edaca de adultos, ser referente a nivel Nacional, a nivel de asistencia formativo en consideraci\u00f3n al nivel t\u00e9cnico, tecnolog\u00eda de avanzada, \u00e9tica y priorizaci\u00f3n de los valores humanos.<\/p>\n<p>&nbsp;<\/p>\n<p>&nbsp;<\/p>\n<h3 style=\"text-align: left;\">Pol\u00edtica de calidad:<\/h3>\n<p>En el Instituto de Cardiolog\u00eda Integral (I.C.I) estamos dedicados al abordaje integral de las cardiopat\u00edas del ni\u00f1o y el adulto estando comprometidos con:<\/p>\n<ul style=\"text-align: left;\">\n<li>La implementaci\u00f3n, evaluaci\u00f3n y mejora de todos nuestros procesos dentro de la Instituci\u00f3n a trav\u00e9s\u00a0 de una gesti\u00f3n eficaz y eficiente, de la aplicaci\u00f3n de t\u00e9cnicas, herramientas y actividades que promueven una cultura de mejora continua, la gesti\u00f3n del riesgo y el logro de est\u00e1ndares de calidad que lleguen a impactar positivamente en la atenci\u00f3n de nuestros usuarios, sus familias, nuestros colaboradores y la comunidad en su conjunto.<\/li>\n<li>La incorporaci\u00f3n continua de nuevas t\u00e9cnicas m\u00e9dicas de nuestro \u00e1mbito, de abordaje integral.<\/li>\n<li>El Cumplimiento de los requisitos legales, reglamentarios y los asumidos por la organizaci\u00f3n en pro de la satisfacci\u00f3n de nuestros clientes y partes interesadas.<\/li>\n<li>La promoci\u00f3n entre nuestros colaboradores, la Atenci\u00f3n Humanizada a los usuarios y sus familias, fundamentado en la aplicaci\u00f3n de valores institucionales de respeto, trato digno, responsabilidad, compromiso y servicio con calidez.<\/li>\n<li>Asegurando a nuestros colaboradores la mejora continua de su ambiente de trabajo, la asignaci\u00f3n de los recursos necesarios y la mejora en su competencia.<br \/>\nEstando atentos a la evoluci\u00f3n tecnol\u00f3gica con el fin de mantenernos actualizados de forma continua.<\/li>\n<\/ul>\n<h3 style=\"text-align: left;\"><\/h3>\n<p>&nbsp;<\/p>\n<h3 style=\"text-align: left;\">Autoridades<\/h3>\n<ul>\n<li style=\"text-align: left;\">Presidente: Dr. Ruben Leone<\/li>\n<li style=\"text-align: left;\">Tesorero: Cr. Marcelo Rubio<\/li>\n<li style=\"text-align: left;\">Director T\u00e9cnico: Dra. Ivanna Duro<\/li>\n<\/ul>\n","protected":false},"excerpt":{"rendered":"<p>Medicina profesional y humanizada &nbsp; El Instituto de Cardiolog\u00eda Integral (ICI) es un IMAE cardiol\u00f3gico que atiende a personas de instituciones p\u00fablicas y privadas de todo el pa\u00eds con la financiaci\u00f3n del Fondo Nacional de Recursos y de particulares de Uruguay y la regi\u00f3n que ELIGEN atenderse all\u00ed. Inici\u00f3 sus actividades en Montevideo, en 1986. [&hellip;]<\/p>\n","protected":false},"author":1,"featured_media":0,"parent":0,"menu_order":0,"comment_status":"closed","ping_status":"closed","template":"page-nosotros.php","meta":{"_acf_changed":false,"footnotes":""},"class_list":["post-7","page","type-page","status-publish","hentry"],"acf":[],"_links":{"self":[{"href":"https:\/\/ici.org.uy\/index.php?rest_route=\/wp\/v2\/pages\/7","targetHints":{"allow":["GET"]}}],"collection":[{"href":"https:\/\/ici.org.uy\/index.php?rest_route=\/wp\/v2\/pages"}],"about":[{"href":"https:\/\/ici.org.uy\/index.php?rest_route=\/wp\/v2\/types\/page"}],"author":[{"embeddable":true,"href":"https:\/\/ici.org.uy\/index.php?rest_route=\/wp\/v2\/users\/1"}],"replies":[{"embeddable":true,"href":"https:\/\/ici.org.uy\/index.php?rest_route=%2Fwp%2Fv2%2Fcomments&post=7"}],"version-history":[{"count":33,"href":"https:\/\/ici.org.uy\/index.php?rest_route=\/wp\/v2\/pages\/7\/revisions"}],"predecessor-version":[{"id":1458,"href":"https:\/\/ici.org.uy\/index.php?rest_route=\/wp\/v2\/pages\/7\/revisions\/1458"}],"wp:attachment":[{"href":"https:\/\/ici.org.uy\/index.php?rest_route=%2Fwp%2Fv2%2Fmedia&parent=7"}],"curies":[{"name":"wp","href":"https:\/\/api.w.org\/{rel}","templated":true}]}}