{"id":70,"date":"2025-11-24T16:30:13","date_gmt":"2025-11-24T19:30:13","guid":{"rendered":"http:\/\/localhost\/ici.org.uy\/?page_id=70"},"modified":"2026-02-18T14:50:25","modified_gmt":"2026-02-18T17:50:25","slug":"cardiologia-no-invasiva","status":"publish","type":"page","link":"https:\/\/ici.org.uy\/?page_id=70","title":{"rendered":"Cardiolog\u00eda No Invasiva"},"content":{"rendered":"<ul>\n<li>Consulta de Cardiolog\u00eda general para ni\u00f1os y adultos.<\/li>\n<li>Cardi\u00f3logo de guardia para urgencias 24 hs los 365 d\u00edas del a\u00f1o.<\/li>\n<li>Consulta de Cardiolog\u00eda especializada en arritmias para ni\u00f1os y adultos.<\/li>\n<li>Consulta de Cardiolog\u00eda especializada en eco fetal.<\/li>\n<li>Consulta de Cardiolog\u00eda especializada en cardiopat\u00edas cong\u00e9nitas.<\/li>\n<li>Consulta de cirug\u00eda preoperatorio \/ postoperatorio.<\/li>\n<li>Consulta con equipo de Trasplante Card\u00edaco, para ni\u00f1os y adultos.<\/li>\n<li>Consulta con psic\u00f3loga.<\/li>\n<\/ul>\n<h2>Pruebas diagn\u00f3sticas<\/h2>\n<ul>\n<li>Electrocardiograf\u00eda e Informe<\/li>\n<li>Ecocardiograma 2 D + Doppler Color<\/li>\n<\/ul>\n","protected":false},"excerpt":{"rendered":"<p>Consulta de Cardiolog\u00eda general para ni\u00f1os y adultos. Cardi\u00f3logo de guardia para urgencias 24 hs los 365 d\u00edas del a\u00f1o. Consulta de Cardiolog\u00eda especializada en arritmias para ni\u00f1os y adultos. Consulta de Cardiolog\u00eda especializada en eco fetal. Consulta de Cardiolog\u00eda especializada en cardiopat\u00edas cong\u00e9nitas. Consulta de cirug\u00eda preoperatorio \/ postoperatorio. Consulta con equipo de Trasplante [&hellip;]<\/p>\n","protected":false},"author":1,"featured_media":0,"parent":0,"menu_order":0,"comment_status":"closed","ping_status":"closed","template":"","meta":{"_acf_changed":false,"footnotes":""},"class_list":["post-70","page","type-page","status-publish","hentry"],"acf":[],"_links":{"self":[{"href":"https:\/\/ici.org.uy\/index.php?rest_route=\/wp\/v2\/pages\/70","targetHints":{"allow":["GET"]}}],"collection":[{"href":"https:\/\/ici.org.uy\/index.php?rest_route=\/wp\/v2\/pages"}],"about":[{"href":"https:\/\/ici.org.uy\/index.php?rest_route=\/wp\/v2\/types\/page"}],"author":[{"embeddable":true,"href":"https:\/\/ici.org.uy\/index.php?rest_route=\/wp\/v2\/users\/1"}],"replies":[{"embeddable":true,"href":"https:\/\/ici.org.uy\/index.php?rest_route=%2Fwp%2Fv2%2Fcomments&post=70"}],"version-history":[{"count":3,"href":"https:\/\/ici.org.uy\/index.php?rest_route=\/wp\/v2\/pages\/70\/revisions"}],"predecessor-version":[{"id":1248,"href":"https:\/\/ici.org.uy\/index.php?rest_route=\/wp\/v2\/pages\/70\/revisions\/1248"}],"wp:attachment":[{"href":"https:\/\/ici.org.uy\/index.php?rest_route=%2Fwp%2Fv2%2Fmedia&parent=70"}],"curies":[{"name":"wp","href":"https:\/\/api.w.org\/{rel}","templated":true}]}}