{"id":74,"date":"2025-11-24T16:37:26","date_gmt":"2025-11-24T19:37:26","guid":{"rendered":"http:\/\/localhost\/ici.org.uy\/?page_id=74"},"modified":"2026-02-18T14:55:01","modified_gmt":"2026-02-18T17:55:01","slug":"cardiologia-invasiva","status":"publish","type":"page","link":"https:\/\/ici.org.uy\/?page_id=74","title":{"rendered":"Cardiolog\u00eda Invasiva"},"content":{"rendered":"<h2>Unidad Hemodin\u00e1mica y Cardiolog\u00eda Intervencionista<\/h2>\n<p>&nbsp;<\/p>\n<p>El servicio de Hemodinamia se dedica al estudio y tratamiento de las enfermedades del coraz\u00f3n y los vasos sangu\u00edneos mediante procedimientos m\u00ednimamente invasivos. Contamos con dos equipos de \u00faltima generaci\u00f3n, para que nuestro equipo de especialistas ofrezca diagn\u00f3sticos precisos y tratamientos seguros, priorizando siempre la atenci\u00f3n personalizada y el bienestar de nuestros pacientes.<\/p>\n<ul>\n<li>Cateterismo Card\u00edaco Izquierdo y Derecho<\/li>\n<li>Coronariograf\u00eda<\/li>\n<li>Angioplastia Coronaria simple<\/li>\n<li>Angioplastia Coronaria compleja<\/li>\n<li>Implante percut\u00e1neo de pr\u00f3tesis a\u00f3rtica (TAVI)<\/li>\n<li>Cierre percut\u00e1neo de comunicaci\u00f3n\u00a0interauricular<\/li>\n<li>Cierre percut\u00e1neo de foramen oval permeable<\/li>\n<li>Cierre percut\u00e1neo de Ductus Arterioso<\/li>\n<li>Cierre percut\u00e1neo de Comunicaci\u00f3n interventricular<\/li>\n<li>Valvuloplastia mitral<\/li>\n<li>Valvuloplastia a\u00f3rtica<\/li>\n<li>Colocaci\u00f3n de clips mitrales (Mitra-Clip)<\/li>\n<\/ul>\n<p>&nbsp;<\/p>\n<h3>Unidad de Arritmias y Electrofisiolog\u00eda Card\u00edaca:<\/h3>\n<ul>\n<li>Estudio Electrofisiol\u00f3gico Diagn\u00f3stico y Terap\u00e9utico (ablaci\u00f3n) de taquicardias supraventriculares, taquicardias Ventriculares.<\/li>\n<li>Colocaci\u00f3n de Marcapasos<\/li>\n<li>Recambio de Generador Marcapasos<\/li>\n<li>Extracci\u00f3n\/Recolocaci\u00f3n Cable de Marcapasos.<\/li>\n<li>Colocaci\u00f3n de Cardiodesfibrilador.<\/li>\n<li>Recambio de Cardiodesfibrilador.<\/li>\n<\/ul>\n<p>&nbsp;<\/p>\n<h3>Actividad cl\u00ednica ambulatoria:<\/h3>\n<ul>\n<li>Consulta de Arritmias<\/li>\n<li>Control de marcapasos y Cardiodesfibriladores.<\/li>\n<li>Prueba de Mesa Basculante (Tilt- Test)<\/li>\n<li>Prueba farmacol\u00f3gica de arritmias (Test de flecainida, test de adenosina\u2026)<\/li>\n<li>Cardioversi\u00f3n el\u00e9ctrica.<\/li>\n<\/ul>\n<p>&nbsp;<\/p>\n<h2>Unidad de Cirug\u00eda Card\u00edaca:<\/h2>\n<p>&nbsp;<\/p>\n<p>El Servicio de Cirug\u00eda Cardiaca se ocupa del tratamiento quir\u00fargico de cualquier patolog\u00eda que afecte al coraz\u00f3n,\u00a0ofreciendo a nuestros pacientes el nivel m\u00e1ximo t\u00e9cnico asistencial.<br \/>\nEn la actualidad somos uno de los equipos con mayor experiencia y resultados del pa\u00eds en la pr\u00e1ctica privada. Se realiza tambi\u00e9n cirug\u00eda cardiaca pedi\u00e1trica, siendo el centro con el mayor n\u00famero de trasplantes card\u00edacos en el Uruguay con los mejores resultados y mayor sobrevida. Nuestra cartera de servicios engloba la totalidad de patolog\u00edas y t\u00e9cnicas de la especialidad, con la cobertura total del Fondo Nacional de Recursos.<\/p>\n<p>&nbsp;<\/p>\n<h3>Cirug\u00eda valvular<\/h3>\n<ul>\n<li>Reparaci\u00f3n\/sustituci\u00f3n valvular<\/li>\n<\/ul>\n<p>&nbsp;<\/p>\n<h3>Cirug\u00eda coronaria<\/h3>\n<ul>\n<li>Revascularizaci\u00f3n mioc\u00e1rdica con y sin circulaci\u00f3n extracorp\u00f3rea.<\/li>\n<\/ul>\n<p>&nbsp;<\/p>\n<h3>Cirug\u00eda de aorta y grandes vasos<\/h3>\n<ul>\n<li>Tratamiento integral de la aorta tor\u00e1cica.<\/li>\n<\/ul>\n<p>&nbsp;<\/p>\n<h3>Cirug\u00eda ventricular<\/h3>\n<ul>\n<li>Cirug\u00eda de remodelado ventricular con t\u00e9cnicas convencionales<\/li>\n<li>Cirug\u00eda de la miocardiopat\u00eda hipertr\u00f3fica.<\/li>\n<li>Cirug\u00eda de las arritmias.<\/li>\n<li>Resecci\u00f3n de tumores cardiacos.<\/li>\n<li>Patolog\u00eda del pericardio.<\/li>\n<li>ECMO (Oxigenaci\u00f3n por Membrana Extracorp\u00f3rea)*<\/li>\n<li>Implante y extracci\u00f3n de marcapasos y desfibriladores.<\/li>\n<\/ul>\n<h2>Trasplante Card\u00edaco<\/h2>\n<h3>T\u00e9cnica destacada<\/h3>\n<p>&nbsp;<\/p>\n<h3>*(ECMO) \u00bfC\u00f3mo funciona?<\/h3>\n<p>&nbsp;<\/p>\n<p>El sistema ECMO es un circuito que extrae la sangre del paciente, la procesa y la devuelve al cuerpo. El proceso es el siguiente:<\/p>\n<ol>\n<li><strong>Extracci\u00f3n de sangre:<\/strong> Se insertan c\u00e1nulas (tubos grandes) en venas o arterias importantes, generalmente en el cuello o la ingle.<\/li>\n<li><strong>Oxigenaci\u00f3n:<\/strong> La sangre extra\u00edda pasa a trav\u00e9s de un circuito hacia una bomba (que simula la funci\u00f3n del coraz\u00f3n) y luego a un oxigenador (un \u00abpulm\u00f3n\u00bb artificial) donde se le a\u00f1ade ox\u00edgeno y se elimina el di\u00f3xido de carbono.<\/li>\n<li><strong>Retorno al cuerpo:<\/strong> La sangre ya oxigenada y calentada se devuelve al torrente sangu\u00edneo del paciente, manteniendo as\u00ed el funcionamiento de los \u00f3rganos vitales.<\/li>\n<\/ol>\n<p>&nbsp;<\/p>\n<h3>\u00bfPara qu\u00e9 se utiliza?<\/h3>\n<p>&nbsp;<\/p>\n<p>La ECMO se considera un tratamiento de \u00faltimo recurso cuando otras terapias, como la ventilaci\u00f3n mec\u00e1nica o los medicamentos, no son suficientes. Se utiliza en pacientes con insuficiencia card\u00edaca o respiratoria aguda grave y potencialmente reversible, incluyendo:<\/p>\n<ul>\n<li>S\u00edndrome de dificultad respiratoria aguda (SDRA) severo, a menudo causado por neumon\u00eda viral o bacteriana (incluido el COVID-19).<\/li>\n<li>Insuficiencia card\u00edaca aguda, como despu\u00e9s de un infarto de miocardio grave o miocarditis.<\/li>\n<li>Como puente a un trasplante de coraz\u00f3n o pulm\u00f3n.<\/li>\n<li>Para dar soporte durante cirug\u00edas card\u00edacas complejas.<\/li>\n<li>En reci\u00e9n nacidos y ni\u00f1os con problemas respiratorios o card\u00edacos cong\u00e9nitos.<\/li>\n<\/ul>\n<p>&nbsp;<\/p>\n<h3>Aspectos clave<\/h3>\n<ul>\n<li>Es una terapia de alta complejidad que se realiza en la Unidad de Cuidados Intensivos (UCI).<\/li>\n<li>Requiere un equipo multidisciplinario de especialistas (m\u00e9dicos intensivistas, cardi\u00f3logos, enfermeras especialistas, etc.) altamente capacitados.<\/li>\n<\/ul>\n","protected":false},"excerpt":{"rendered":"<p>Unidad Hemodin\u00e1mica y Cardiolog\u00eda Intervencionista &nbsp; El servicio de Hemodinamia se dedica al estudio y tratamiento de las enfermedades del coraz\u00f3n y los vasos sangu\u00edneos mediante procedimientos m\u00ednimamente invasivos. Contamos con dos equipos de \u00faltima generaci\u00f3n, para que nuestro equipo de especialistas ofrezca diagn\u00f3sticos precisos y tratamientos seguros, priorizando siempre la atenci\u00f3n personalizada y el [&hellip;]<\/p>\n","protected":false},"author":1,"featured_media":0,"parent":0,"menu_order":0,"comment_status":"closed","ping_status":"closed","template":"page-cardiologia-invasiva.php","meta":{"_acf_changed":false,"footnotes":""},"class_list":["post-74","page","type-page","status-publish","hentry"],"acf":[],"_links":{"self":[{"href":"https:\/\/ici.org.uy\/index.php?rest_route=\/wp\/v2\/pages\/74","targetHints":{"allow":["GET"]}}],"collection":[{"href":"https:\/\/ici.org.uy\/index.php?rest_route=\/wp\/v2\/pages"}],"about":[{"href":"https:\/\/ici.org.uy\/index.php?rest_route=\/wp\/v2\/types\/page"}],"author":[{"embeddable":true,"href":"https:\/\/ici.org.uy\/index.php?rest_route=\/wp\/v2\/users\/1"}],"replies":[{"embeddable":true,"href":"https:\/\/ici.org.uy\/index.php?rest_route=%2Fwp%2Fv2%2Fcomments&post=74"}],"version-history":[{"count":8,"href":"https:\/\/ici.org.uy\/index.php?rest_route=\/wp\/v2\/pages\/74\/revisions"}],"predecessor-version":[{"id":1250,"href":"https:\/\/ici.org.uy\/index.php?rest_route=\/wp\/v2\/pages\/74\/revisions\/1250"}],"wp:attachment":[{"href":"https:\/\/ici.org.uy\/index.php?rest_route=%2Fwp%2Fv2%2Fmedia&parent=74"}],"curies":[{"name":"wp","href":"https:\/\/api.w.org\/{rel}","templated":true}]}}