{"id":81,"date":"2025-11-24T16:45:10","date_gmt":"2025-11-24T19:45:10","guid":{"rendered":"http:\/\/localhost\/ici.org.uy\/?page_id=81"},"modified":"2026-03-17T15:54:25","modified_gmt":"2026-03-17T18:54:25","slug":"para-pacientes","status":"publish","type":"page","link":"https:\/\/ici.org.uy\/?page_id=81","title":{"rendered":"Para pacientes"},"content":{"rendered":"<h2 style=\"text-align: left;\">INFORMACI\u00d3N PARA PACIENTES<\/h2>\n<ul>\n<li style=\"text-align: left;\"><a href=\"https:\/\/prev.ici.org.uy\/GuiaParaPadres.pdf\" target=\"_blank\" rel=\"noopener\">Gu\u00eda para Padres de Ni\u00f1os con Cardiopat\u00edas Cong\u00e9nitas<\/a><\/li>\n<li style=\"text-align: left;\"><a href=\"https:\/\/prev.ici.org.uy\/InformacionCTIyCIAdultos.pdf\" target=\"_blank\" rel=\"noopener\">Informaci\u00f3n para Familiares y Acompa\u00f1antes de Pacientes en CTI y CI<\/a><\/li>\n<li style=\"text-align: left;\"><a href=\"https:\/\/prev.ici.org.uy\/cirugiaadultos.pdf\" target=\"_blank\" rel=\"noopener\">Gu\u00eda para pacientes de Cirug\u00eda de Adultos<\/a><\/li>\n<li style=\"text-align: left;\"><a href=\"https:\/\/ici.org.uy\/?page_id=1191\">Psicolog\u00eda<\/a><\/li>\n<\/ul>\n","protected":false},"excerpt":{"rendered":"<p>INFORMACI\u00d3N PARA PACIENTES Gu\u00eda para Padres de Ni\u00f1os con Cardiopat\u00edas Cong\u00e9nitas Informaci\u00f3n para Familiares y Acompa\u00f1antes de Pacientes en CTI y CI Gu\u00eda para pacientes de Cirug\u00eda de Adultos Psicolog\u00eda<\/p>\n","protected":false},"author":1,"featured_media":0,"parent":0,"menu_order":0,"comment_status":"closed","ping_status":"closed","template":"page-para-pacientes.php","meta":{"_acf_changed":false,"footnotes":""},"class_list":["post-81","page","type-page","status-publish","hentry"],"acf":[],"_links":{"self":[{"href":"https:\/\/ici.org.uy\/index.php?rest_route=\/wp\/v2\/pages\/81","targetHints":{"allow":["GET"]}}],"collection":[{"href":"https:\/\/ici.org.uy\/index.php?rest_route=\/wp\/v2\/pages"}],"about":[{"href":"https:\/\/ici.org.uy\/index.php?rest_route=\/wp\/v2\/types\/page"}],"author":[{"embeddable":true,"href":"https:\/\/ici.org.uy\/index.php?rest_route=\/wp\/v2\/users\/1"}],"replies":[{"embeddable":true,"href":"https:\/\/ici.org.uy\/index.php?rest_route=%2Fwp%2Fv2%2Fcomments&post=81"}],"version-history":[{"count":9,"href":"https:\/\/ici.org.uy\/index.php?rest_route=\/wp\/v2\/pages\/81\/revisions"}],"predecessor-version":[{"id":1447,"href":"https:\/\/ici.org.uy\/index.php?rest_route=\/wp\/v2\/pages\/81\/revisions\/1447"}],"wp:attachment":[{"href":"https:\/\/ici.org.uy\/index.php?rest_route=%2Fwp%2Fv2%2Fmedia&parent=81"}],"curies":[{"name":"wp","href":"https:\/\/api.w.org\/{rel}","templated":true}]}}